{"id":3650,"date":"2021-12-11T10:13:06","date_gmt":"2021-12-11T10:13:06","guid":{"rendered":"https:\/\/www.dumtanceostrava.cz\/?post_type=product&#038;p=3650"},"modified":"2022-01-10T13:50:35","modified_gmt":"2022-01-10T13:50:35","slug":"reprezentacni-ples-mesta-ostravy-2022-parket-vlevo","status":"publish","type":"product","link":"https:\/\/www.dumtanceostrava.cz\/index.php\/product\/reprezentacni-ples-mesta-ostravy-2022-parket-vlevo\/","title":{"rendered":"Reprezenta\u010dn\u00ed ples m\u011bsta Ostravy 2022 &#8211; Parket vlevo"},"content":{"rendered":"<p>Lorme ipsum dolor sit amet.<\/p>\n","protected":false},"excerpt":{"rendered":"<p>Lorem ipsum dolor sit amet.<\/p>\n","protected":false},"featured_media":4017,"comment_status":"open","ping_status":"closed","template":"","meta":{"_monsterinsights_skip_tracking":false,"_monsterinsights_sitenote_active":false,"_monsterinsights_sitenote_note":"","_monsterinsights_sitenote_category":0},"product_brand":[],"product_cat":[151],"product_tag":[149],"class_list":{"0":"post-3650","1":"product","2":"type-product","3":"status-publish","4":"has-post-thumbnail","6":"product_cat-reprezentacni-ples-ostravy-2022","7":"product_tag-plesy","9":"first","10":"instock","11":"shipping-taxable","12":"purchasable","13":"product-type-variable"},"aioseo_notices":[],"_links":{"self":[{"href":"https:\/\/www.dumtanceostrava.cz\/index.php\/wp-json\/wp\/v2\/product\/3650","targetHints":{"allow":["GET"]}}],"collection":[{"href":"https:\/\/www.dumtanceostrava.cz\/index.php\/wp-json\/wp\/v2\/product"}],"about":[{"href":"https:\/\/www.dumtanceostrava.cz\/index.php\/wp-json\/wp\/v2\/types\/product"}],"replies":[{"embeddable":true,"href":"https:\/\/www.dumtanceostrava.cz\/index.php\/wp-json\/wp\/v2\/comments?post=3650"}],"wp:featuredmedia":[{"embeddable":true,"href":"https:\/\/www.dumtanceostrava.cz\/index.php\/wp-json\/wp\/v2\/media\/4017"}],"wp:attachment":[{"href":"https:\/\/www.dumtanceostrava.cz\/index.php\/wp-json\/wp\/v2\/media?parent=3650"}],"wp:term":[{"taxonomy":"product_brand","embeddable":true,"href":"https:\/\/www.dumtanceostrava.cz\/index.php\/wp-json\/wp\/v2\/product_brand?post=3650"},{"taxonomy":"product_cat","embeddable":true,"href":"https:\/\/www.dumtanceostrava.cz\/index.php\/wp-json\/wp\/v2\/product_cat?post=3650"},{"taxonomy":"product_tag","embeddable":true,"href":"https:\/\/www.dumtanceostrava.cz\/index.php\/wp-json\/wp\/v2\/product_tag?post=3650"}],"curies":[{"name":"wp","href":"https:\/\/api.w.org\/{rel}","templated":true}]}}