{"id":4217,"date":"2022-01-25T08:03:40","date_gmt":"2022-01-25T08:03:40","guid":{"rendered":"https:\/\/www.dumtanceostrava.cz\/?page_id=4217"},"modified":"2025-05-30T10:45:35","modified_gmt":"2025-05-30T08:45:35","slug":"zazemi-domu","status":"publish","type":"page","link":"https:\/\/www.dumtanceostrava.cz\/index.php\/nabidka-objektu\/zazemi-domu\/","title":{"rendered":"Z\u00e1zem\u00ed domu"},"content":{"rendered":"<div class=\"wpb-content-wrapper\">[vc_row css=&#8220;.vc_custom_1701521852033{padding-right: 5% !important;padding-left: 5% !important;}&#8220;][vc_column][vc_empty_space][vc_column_text css=&#8220;&#8220;]V sou\u010dasn\u00e9 chv\u00edli nab\u00edz\u00ed n\u00e1\u0161 D\u016fm tance Ostrava hned n\u011bkolik mo\u017enost\u00ed pro uspo\u0159\u00e1d\u00e1n\u00ed va\u0161ich spole\u010densk\u00fdch a kulturn\u00edch ud\u00e1lost\u00ed. Pro velk\u00e9 akce typu svatba, ples \u010di koncert nab\u00edz\u00edme modern\u00ed reprezenta\u010dn\u00ed s\u00e1l s pln\u00fdm audio vybaven\u00edm a mo\u017enost\u00ed jak tradi\u010dn\u00edho plesov\u00e9ho, tak koncertn\u00edho uspo\u0159\u00e1d\u00e1n\u00ed.<br \/>\nPro men\u0161\u00ed akce typu rodinn\u00e9 oslavy, men\u0161\u00ed svatby nebo soukrom\u00e9 oslavy nab\u00edz\u00edme men\u0161\u00ed s\u00e1ly s mo\u017enost\u00ed dal\u0161\u00edho dodate\u010dn\u00e9ho \u010dlen\u011bn\u00ed.<br \/>\nObjekt je rovn\u011b\u017e vybaven dv\u011bmi kuchy\u0148kami se z\u00e1kladn\u00edmi spot\u0159ebi\u010di, jako jsou chladni\u010dka, elektrick\u00e1 varn\u00e1 deska s pe\u010d\u00edc\u00ed troubou, my\u010dka n\u00e1dob\u00ed \u010di mikrovlnn\u00e1 trouba.[\/vc_column_text][vc_empty_space][\/vc_column][\/vc_row][vc_row css=&#8220;.vc_custom_1701521863372{padding-right: 5% !important;padding-left: 5% !important;}&#8220; simple_background_color=&#8220;#f6f5f1&#8243;][vc_column][vc_empty_space]<div class=\"edgt-section-title-holder  edgt-st-standard edgt-st-title-left edgt-st-normal-space \" style=\"text-align: left\">\n\t<div class=\"edgt-st-inner\">\n\t\t\t\t\t<h2 class=\"edgt-st-title\" >\n\t\t\t\tStandardn\u00ed vybaven\u00ed domu\t\t\t<\/h2>\n\t\t\t\t\t<\/div>\n<\/div><div class=\"edgt-elements-holder   edgt-two-columns  edgt-responsive-mode-768 \" ><div class=\"edgt-eh-item  edgt-width-1-1   \"  data-item-class=\"edgt-eh-custom-9069\">\n\t<div class=\"edgt-eh-item-inner\">\n\t\t<div class=\"edgt-eh-item-content edgt-eh-custom-9069\" >\n\t\t\t[vc_column_text css=&#8220;&#8220;]\n<ul>\n<li>Bezbari\u00e9rov\u00fd p\u0159\u00edstup do objektu<\/li>\n<li>Hl\u00eddan\u00e9 parkovi\u0161t\u011b s kapacitou 70 osobn\u00edch voz\u016f<\/li>\n<li>Mo\u017enost vjezdu autobus\u016f<\/li>\n<li>Recepce s obsluhou, prodej k\u00e1vy a drobn\u00e9ho ob\u010derstven\u00ed (na \u010depu Plze\u0148, Radegast a Kofola; ve st\u00e1l\u00e9 nab\u00eddce v\u00fdb\u011br v\u00edna a alkoholu)<\/li>\n<li>Od konce roku 2025 nov\u011b v nab\u00eddce tak\u00e9 dva soukrom\u00e9 wellness a 11 dvoul\u016f\u017ekov\u00fdch pokoj\u016f<\/li>\n<\/ul>\n[\/vc_column_text]\t\t<\/div>\n\t<\/div>\n<\/div><\/div>[vc_empty_space][\/vc_column][\/vc_row][vc_row css=&#8220;.vc_custom_1701521876550{padding-right: 5% !important;padding-left: 5% !important;}&#8220;][vc_column][vc_empty_space]<div class=\"edgt-section-title-holder  edgt-st-standard edgt-st-title-left edgt-st-normal-space \" style=\"text-align: left\">\n\t<div class=\"edgt-st-inner\">\n\t\t\t\t\t<h2 class=\"edgt-st-title\" >\n\t\t\t\tGalerie sn\u00edmk\u016f\t\t\t<\/h2>\n\t\t\t\t\t<\/div>\n<\/div>[vc_empty_space][\/vc_column][\/vc_row][vc_row][vc_column]<div class=\"edgt-image-gallery  edgt-ig-masonry-type   edgt-image-behavior-lightbox\">\n\t<div class=\"edgt-ig-inner edgt-ig-masonry edgt-ig-three-columns edgt-ig-normal-space\">\n\t\t<div class=\"edgt-ig-grid-sizer\"><\/div>\n\t\t<div class=\"edgt-ig-grid-gutter\"><\/div>\n\t\t\t\t\t\t\t\t<div class=\"edgt-ig-image \">\n\t\t\t\t<div class=\"edgt-ig-image-inner\">\n\t\t\t\t\t\t\t\t\t\t\t<a itemprop=\"image\" class=\"edgt-ig-lightbox\" href=\"https:\/\/www.dumtanceostrava.cz\/wp-content\/uploads\/2023\/12\/Rigips_KD_Ostrava_2023-028-scaled.jpg\" data-rel=\"prettyPhoto[image_gallery_pretty_photo-63]\" title=\"\u00a9 Saint-Gobain Construction Products CZ a.s.Divize Rigips\">\n\t\t\t\t\t\t\t\t\t\t\t<img loading=\"lazy\" decoding=\"async\" width=\"2560\" height=\"1451\" src=\"https:\/\/www.dumtanceostrava.cz\/wp-content\/uploads\/2023\/12\/Rigips_KD_Ostrava_2023-028-scaled.jpg\" class=\"attachment- size-\" alt=\"\" srcset=\"https:\/\/www.dumtanceostrava.cz\/wp-content\/uploads\/2023\/12\/Rigips_KD_Ostrava_2023-028-scaled.jpg 2560w, https:\/\/www.dumtanceostrava.cz\/wp-content\/uploads\/2023\/12\/Rigips_KD_Ostrava_2023-028-300x170.jpg 300w, https:\/\/www.dumtanceostrava.cz\/wp-content\/uploads\/2023\/12\/Rigips_KD_Ostrava_2023-028-1024x580.jpg 1024w, https:\/\/www.dumtanceostrava.cz\/wp-content\/uploads\/2023\/12\/Rigips_KD_Ostrava_2023-028-768x435.jpg 768w, https:\/\/www.dumtanceostrava.cz\/wp-content\/uploads\/2023\/12\/Rigips_KD_Ostrava_2023-028-1536x871.jpg 1536w, https:\/\/www.dumtanceostrava.cz\/wp-content\/uploads\/2023\/12\/Rigips_KD_Ostrava_2023-028-1320x748.jpg 1320w, https:\/\/www.dumtanceostrava.cz\/wp-content\/uploads\/2023\/12\/Rigips_KD_Ostrava_2023-028-600x340.jpg 600w\" sizes=\"auto, (max-width: 2560px) 100vw, 2560px\" \/>\t\t\t\t\t\t\t\t\t\t\t<\/a>\n\t\t\t\t\t\t\t\t\t<\/div>\n\t\t\t<\/div>\n\t\t\t\t\t\t\t\t<div class=\"edgt-ig-image \">\n\t\t\t\t<div class=\"edgt-ig-image-inner\">\n\t\t\t\t\t\t\t\t\t\t\t<a itemprop=\"image\" class=\"edgt-ig-lightbox\" href=\"https:\/\/www.dumtanceostrava.cz\/wp-content\/uploads\/2023\/12\/Rigips_KD_Ostrava_2023-027-scaled.jpg\" data-rel=\"prettyPhoto[image_gallery_pretty_photo-63]\" title=\"\u00a9 Saint-Gobain Construction Products CZ a.s.Divize Rigips\">\n\t\t\t\t\t\t\t\t\t\t\t<img loading=\"lazy\" decoding=\"async\" width=\"2131\" height=\"2560\" src=\"https:\/\/www.dumtanceostrava.cz\/wp-content\/uploads\/2023\/12\/Rigips_KD_Ostrava_2023-027-scaled.jpg\" class=\"attachment- size-\" alt=\"\" srcset=\"https:\/\/www.dumtanceostrava.cz\/wp-content\/uploads\/2023\/12\/Rigips_KD_Ostrava_2023-027-scaled.jpg 2131w, https:\/\/www.dumtanceostrava.cz\/wp-content\/uploads\/2023\/12\/Rigips_KD_Ostrava_2023-027-250x300.jpg 250w, https:\/\/www.dumtanceostrava.cz\/wp-content\/uploads\/2023\/12\/Rigips_KD_Ostrava_2023-027-853x1024.jpg 853w, https:\/\/www.dumtanceostrava.cz\/wp-content\/uploads\/2023\/12\/Rigips_KD_Ostrava_2023-027-768x922.jpg 768w, https:\/\/www.dumtanceostrava.cz\/wp-content\/uploads\/2023\/12\/Rigips_KD_Ostrava_2023-027-1279x1536.jpg 1279w, https:\/\/www.dumtanceostrava.cz\/wp-content\/uploads\/2023\/12\/Rigips_KD_Ostrava_2023-027-1705x2048.jpg 1705w, https:\/\/www.dumtanceostrava.cz\/wp-content\/uploads\/2023\/12\/Rigips_KD_Ostrava_2023-027-1320x1585.jpg 1320w, https:\/\/www.dumtanceostrava.cz\/wp-content\/uploads\/2023\/12\/Rigips_KD_Ostrava_2023-027-600x721.jpg 600w\" sizes=\"auto, (max-width: 2131px) 100vw, 2131px\" \/>\t\t\t\t\t\t\t\t\t\t\t<\/a>\n\t\t\t\t\t\t\t\t\t<\/div>\n\t\t\t<\/div>\n\t\t\t\t\t\t\t\t<div class=\"edgt-ig-image \">\n\t\t\t\t<div class=\"edgt-ig-image-inner\">\n\t\t\t\t\t\t\t\t\t\t\t<a itemprop=\"image\" class=\"edgt-ig-lightbox\" href=\"https:\/\/www.dumtanceostrava.cz\/wp-content\/uploads\/2023\/12\/2023_11_21_Dum_tance_Ostrava_034.jpg\" data-rel=\"prettyPhoto[image_gallery_pretty_photo-63]\" title=\"2023_11_21_Dum_tance_Ostrava_034\">\n\t\t\t\t\t\t\t\t\t\t\t<img loading=\"lazy\" decoding=\"async\" width=\"1920\" height=\"1280\" src=\"https:\/\/www.dumtanceostrava.cz\/wp-content\/uploads\/2023\/12\/2023_11_21_Dum_tance_Ostrava_034.jpg\" class=\"attachment- size-\" alt=\"\" srcset=\"https:\/\/www.dumtanceostrava.cz\/wp-content\/uploads\/2023\/12\/2023_11_21_Dum_tance_Ostrava_034.jpg 1920w, https:\/\/www.dumtanceostrava.cz\/wp-content\/uploads\/2023\/12\/2023_11_21_Dum_tance_Ostrava_034-300x200.jpg 300w, https:\/\/www.dumtanceostrava.cz\/wp-content\/uploads\/2023\/12\/2023_11_21_Dum_tance_Ostrava_034-1024x683.jpg 1024w, https:\/\/www.dumtanceostrava.cz\/wp-content\/uploads\/2023\/12\/2023_11_21_Dum_tance_Ostrava_034-768x512.jpg 768w, https:\/\/www.dumtanceostrava.cz\/wp-content\/uploads\/2023\/12\/2023_11_21_Dum_tance_Ostrava_034-1536x1024.jpg 1536w, https:\/\/www.dumtanceostrava.cz\/wp-content\/uploads\/2023\/12\/2023_11_21_Dum_tance_Ostrava_034-1320x880.jpg 1320w, https:\/\/www.dumtanceostrava.cz\/wp-content\/uploads\/2023\/12\/2023_11_21_Dum_tance_Ostrava_034-600x400.jpg 600w\" sizes=\"auto, (max-width: 1920px) 100vw, 1920px\" \/>\t\t\t\t\t\t\t\t\t\t\t<\/a>\n\t\t\t\t\t\t\t\t\t<\/div>\n\t\t\t<\/div>\n\t\t\t\t\t\t\t\t<div class=\"edgt-ig-image \">\n\t\t\t\t<div class=\"edgt-ig-image-inner\">\n\t\t\t\t\t\t\t\t\t\t\t<a itemprop=\"image\" class=\"edgt-ig-lightbox\" href=\"https:\/\/www.dumtanceostrava.cz\/wp-content\/uploads\/2023\/12\/2023_11_21_Dum_tance_Ostrava_033.jpg\" data-rel=\"prettyPhoto[image_gallery_pretty_photo-63]\" title=\"2023_11_21_Dum_tance_Ostrava_033\">\n\t\t\t\t\t\t\t\t\t\t\t<img loading=\"lazy\" decoding=\"async\" width=\"1920\" height=\"1280\" src=\"https:\/\/www.dumtanceostrava.cz\/wp-content\/uploads\/2023\/12\/2023_11_21_Dum_tance_Ostrava_033.jpg\" class=\"attachment- size-\" alt=\"\" srcset=\"https:\/\/www.dumtanceostrava.cz\/wp-content\/uploads\/2023\/12\/2023_11_21_Dum_tance_Ostrava_033.jpg 1920w, https:\/\/www.dumtanceostrava.cz\/wp-content\/uploads\/2023\/12\/2023_11_21_Dum_tance_Ostrava_033-300x200.jpg 300w, https:\/\/www.dumtanceostrava.cz\/wp-content\/uploads\/2023\/12\/2023_11_21_Dum_tance_Ostrava_033-1024x683.jpg 1024w, https:\/\/www.dumtanceostrava.cz\/wp-content\/uploads\/2023\/12\/2023_11_21_Dum_tance_Ostrava_033-768x512.jpg 768w, https:\/\/www.dumtanceostrava.cz\/wp-content\/uploads\/2023\/12\/2023_11_21_Dum_tance_Ostrava_033-1536x1024.jpg 1536w, https:\/\/www.dumtanceostrava.cz\/wp-content\/uploads\/2023\/12\/2023_11_21_Dum_tance_Ostrava_033-1320x880.jpg 1320w, https:\/\/www.dumtanceostrava.cz\/wp-content\/uploads\/2023\/12\/2023_11_21_Dum_tance_Ostrava_033-600x400.jpg 600w\" sizes=\"auto, (max-width: 1920px) 100vw, 1920px\" \/>\t\t\t\t\t\t\t\t\t\t\t<\/a>\n\t\t\t\t\t\t\t\t\t<\/div>\n\t\t\t<\/div>\n\t\t\t\t\t\t\t\t<div class=\"edgt-ig-image \">\n\t\t\t\t<div class=\"edgt-ig-image-inner\">\n\t\t\t\t\t\t\t\t\t\t\t<a itemprop=\"image\" class=\"edgt-ig-lightbox\" href=\"https:\/\/www.dumtanceostrava.cz\/wp-content\/uploads\/2025\/05\/kyQUdbo9.webp\" data-rel=\"prettyPhoto[image_gallery_pretty_photo-63]\" title=\"kyQUdbo9\">\n\t\t\t\t\t\t\t\t\t\t\t<img loading=\"lazy\" decoding=\"async\" width=\"2000\" height=\"1500\" src=\"https:\/\/www.dumtanceostrava.cz\/wp-content\/uploads\/2025\/05\/kyQUdbo9.webp\" class=\"attachment- size-\" alt=\"\" srcset=\"https:\/\/www.dumtanceostrava.cz\/wp-content\/uploads\/2025\/05\/kyQUdbo9.webp 2000w, https:\/\/www.dumtanceostrava.cz\/wp-content\/uploads\/2025\/05\/kyQUdbo9-300x225.webp 300w, https:\/\/www.dumtanceostrava.cz\/wp-content\/uploads\/2025\/05\/kyQUdbo9-1024x768.webp 1024w, https:\/\/www.dumtanceostrava.cz\/wp-content\/uploads\/2025\/05\/kyQUdbo9-768x576.webp 768w, https:\/\/www.dumtanceostrava.cz\/wp-content\/uploads\/2025\/05\/kyQUdbo9-1536x1152.webp 1536w, https:\/\/www.dumtanceostrava.cz\/wp-content\/uploads\/2025\/05\/kyQUdbo9-1320x990.webp 1320w, https:\/\/www.dumtanceostrava.cz\/wp-content\/uploads\/2025\/05\/kyQUdbo9-600x450.webp 600w\" sizes=\"auto, (max-width: 2000px) 100vw, 2000px\" \/>\t\t\t\t\t\t\t\t\t\t\t<\/a>\n\t\t\t\t\t\t\t\t\t<\/div>\n\t\t\t<\/div>\n\t\t\t\t\t\t\t\t<div class=\"edgt-ig-image \">\n\t\t\t\t<div class=\"edgt-ig-image-inner\">\n\t\t\t\t\t\t\t\t\t\t\t<a itemprop=\"image\" class=\"edgt-ig-lightbox\" href=\"https:\/\/www.dumtanceostrava.cz\/wp-content\/uploads\/2025\/05\/UOZD1wTN.webp\" data-rel=\"prettyPhoto[image_gallery_pretty_photo-63]\" title=\"UOZD1wTN\">\n\t\t\t\t\t\t\t\t\t\t\t<img loading=\"lazy\" decoding=\"async\" width=\"2000\" height=\"1500\" src=\"https:\/\/www.dumtanceostrava.cz\/wp-content\/uploads\/2025\/05\/UOZD1wTN.webp\" class=\"attachment- size-\" alt=\"\" srcset=\"https:\/\/www.dumtanceostrava.cz\/wp-content\/uploads\/2025\/05\/UOZD1wTN.webp 2000w, https:\/\/www.dumtanceostrava.cz\/wp-content\/uploads\/2025\/05\/UOZD1wTN-300x225.webp 300w, https:\/\/www.dumtanceostrava.cz\/wp-content\/uploads\/2025\/05\/UOZD1wTN-1024x768.webp 1024w, https:\/\/www.dumtanceostrava.cz\/wp-content\/uploads\/2025\/05\/UOZD1wTN-768x576.webp 768w, https:\/\/www.dumtanceostrava.cz\/wp-content\/uploads\/2025\/05\/UOZD1wTN-1536x1152.webp 1536w, https:\/\/www.dumtanceostrava.cz\/wp-content\/uploads\/2025\/05\/UOZD1wTN-1320x990.webp 1320w, https:\/\/www.dumtanceostrava.cz\/wp-content\/uploads\/2025\/05\/UOZD1wTN-600x450.webp 600w\" sizes=\"auto, (max-width: 2000px) 100vw, 2000px\" \/>\t\t\t\t\t\t\t\t\t\t\t<\/a>\n\t\t\t\t\t\t\t\t\t<\/div>\n\t\t\t<\/div>\n\t\t\t\t\t\t\t\t<div class=\"edgt-ig-image \">\n\t\t\t\t<div class=\"edgt-ig-image-inner\">\n\t\t\t\t\t\t\t\t\t\t\t<a itemprop=\"image\" class=\"edgt-ig-lightbox\" href=\"https:\/\/www.dumtanceostrava.cz\/wp-content\/uploads\/2025\/05\/ZocjIPzg.webp\" data-rel=\"prettyPhoto[image_gallery_pretty_photo-63]\" title=\"ZocjIPzg\">\n\t\t\t\t\t\t\t\t\t\t\t<img loading=\"lazy\" decoding=\"async\" width=\"1500\" height=\"2000\" src=\"https:\/\/www.dumtanceostrava.cz\/wp-content\/uploads\/2025\/05\/ZocjIPzg.webp\" class=\"attachment- size-\" alt=\"\" srcset=\"https:\/\/www.dumtanceostrava.cz\/wp-content\/uploads\/2025\/05\/ZocjIPzg.webp 1500w, https:\/\/www.dumtanceostrava.cz\/wp-content\/uploads\/2025\/05\/ZocjIPzg-225x300.webp 225w, https:\/\/www.dumtanceostrava.cz\/wp-content\/uploads\/2025\/05\/ZocjIPzg-768x1024.webp 768w, https:\/\/www.dumtanceostrava.cz\/wp-content\/uploads\/2025\/05\/ZocjIPzg-1152x1536.webp 1152w, https:\/\/www.dumtanceostrava.cz\/wp-content\/uploads\/2025\/05\/ZocjIPzg-1320x1760.webp 1320w, https:\/\/www.dumtanceostrava.cz\/wp-content\/uploads\/2025\/05\/ZocjIPzg-600x800.webp 600w\" sizes=\"auto, (max-width: 1500px) 100vw, 1500px\" \/>\t\t\t\t\t\t\t\t\t\t\t<\/a>\n\t\t\t\t\t\t\t\t\t<\/div>\n\t\t\t<\/div>\n\t\t\t\t\t\t\t\t<div class=\"edgt-ig-image \">\n\t\t\t\t<div class=\"edgt-ig-image-inner\">\n\t\t\t\t\t\t\t\t\t\t\t<a itemprop=\"image\" class=\"edgt-ig-lightbox\" href=\"https:\/\/www.dumtanceostrava.cz\/wp-content\/uploads\/2025\/05\/Uq45k4v0.jpg\" data-rel=\"prettyPhoto[image_gallery_pretty_photo-63]\" title=\"Uq45k4v0\">\n\t\t\t\t\t\t\t\t\t\t\t<img loading=\"lazy\" decoding=\"async\" width=\"2000\" height=\"1500\" src=\"https:\/\/www.dumtanceostrava.cz\/wp-content\/uploads\/2025\/05\/Uq45k4v0.jpg\" class=\"attachment- size-\" alt=\"\" srcset=\"https:\/\/www.dumtanceostrava.cz\/wp-content\/uploads\/2025\/05\/Uq45k4v0.jpg 2000w, https:\/\/www.dumtanceostrava.cz\/wp-content\/uploads\/2025\/05\/Uq45k4v0-300x225.jpg 300w, https:\/\/www.dumtanceostrava.cz\/wp-content\/uploads\/2025\/05\/Uq45k4v0-1024x768.jpg 1024w, https:\/\/www.dumtanceostrava.cz\/wp-content\/uploads\/2025\/05\/Uq45k4v0-768x576.jpg 768w, https:\/\/www.dumtanceostrava.cz\/wp-content\/uploads\/2025\/05\/Uq45k4v0-1536x1152.jpg 1536w, https:\/\/www.dumtanceostrava.cz\/wp-content\/uploads\/2025\/05\/Uq45k4v0-1320x990.jpg 1320w, https:\/\/www.dumtanceostrava.cz\/wp-content\/uploads\/2025\/05\/Uq45k4v0-600x450.jpg 600w\" sizes=\"auto, (max-width: 2000px) 100vw, 2000px\" \/>\t\t\t\t\t\t\t\t\t\t\t<\/a>\n\t\t\t\t\t\t\t\t\t<\/div>\n\t\t\t<\/div>\n\t\t\t<\/div>\n<\/div>[vc_empty_space][\/vc_column][\/vc_row][vc_row css=&#8220;.vc_custom_1701521887325{padding-right: 5% !important;padding-left: 5% !important;}&#8220;][vc_column][vc_empty_space height=&#8220;128px&#8220;]<div class=\"edgt-call-to-action-holder  edgt-normal-layout  edgt-three-quarters-columns\">\n\t<div class=\"edgt-cta-inner \">\n\t\t<div class=\"edgt-cta-text-holder\">\n\t\t\t<div class=\"edgt-cta-text\">\n<h4>R\u00e1di byste v na\u0161em Domu tance Ostrava uspo\u0159\u00e1dali vlastn\u00ed ud\u00e1lost? M\u00e1te n\u00e1pad na zaj\u00edmav\u00fd projekt nebo byste si r\u00e1di n\u00e1\u0161 s\u00e1l pronajali? Napi\u0161te n\u00e1m zpr\u00e1vu, jsme si jisti, \u017ee najdeme spole\u010dnou \u0159e\u010d.<\/h4>\n<\/div>\n\t\t<\/div>\n\t\t<div class=\"edgt-cta-button-holder\" >\n\t\t\t<div class=\"edgt-cta-button\"><a itemprop=\"url\" href=\"https:\/\/www.dumtanceostrava.cz\/index.php\/kontakty\/\" target=\"_blank\"  class=\"edgt-btn edgt-btn-medium edgt-btn-solid\"  >    <span class=\"edgt-btn-text\">Rezervace s\u00e1lu<\/span>    <\/a><\/div>\n\t\t<\/div>\n\t<\/div>\n<\/div>[vc_empty_space height=&#8220;128px&#8220;][\/vc_column][\/vc_row]\n<\/div>","protected":false},"excerpt":{"rendered":"<p>[vc_row css=&#8220;.vc_custom_1701521852033{padding-right: 5% !important;padding-left: 5% !important;}&#8220;][vc_column][vc_empty_space][vc_column_text css=&#8220;&#8220;]V sou\u010dasn\u00e9 chv\u00edli nab\u00edz\u00ed n\u00e1\u0161 D\u016fm tance Ostrava hned n\u011bkolik mo\u017enost\u00ed pro uspo\u0159\u00e1d\u00e1n\u00ed va\u0161ich spole\u010densk\u00fdch a kulturn\u00edch ud\u00e1lost\u00ed. Pro velk\u00e9 akce typu svatba, ples \u010di koncert nab\u00edz\u00edme modern\u00ed reprezenta\u010dn\u00ed s\u00e1l s pln\u00fdm audio vybaven\u00edm a mo\u017enost\u00ed jak tradi\u010dn\u00edho plesov\u00e9ho, tak koncertn\u00edho uspo\u0159\u00e1d\u00e1n\u00ed. Pro men\u0161\u00ed akce typu rodinn\u00e9 oslavy, men\u0161\u00ed svatby nebo soukrom\u00e9 oslavy nab\u00edz\u00edme men\u0161\u00ed s\u00e1ly s mo\u017enost\u00ed dal\u0161\u00edho dodate\u010dn\u00e9ho \u010dlen\u011bn\u00ed. Objekt je rovn\u011b\u017e vybaven dv\u011bmi kuchy\u0148kami se z\u00e1kladn\u00edmi spot\u0159ebi\u010di, jako jsou chladni\u010dka, elektrick\u00e1 varn\u00e1 deska s pe\u010d\u00edc\u00ed troubou, my\u010dka n\u00e1dob\u00ed \u010di mikrovlnn\u00e1 trouba.[\/vc_column_text][vc_empty_space][\/vc_column][\/vc_row][vc_row [&hellip;]<\/p>\n","protected":false},"author":1,"featured_media":4459,"parent":4052,"menu_order":0,"comment_status":"closed","ping_status":"closed","template":"","meta":{"_monsterinsights_skip_tracking":false,"_monsterinsights_sitenote_active":false,"_monsterinsights_sitenote_note":"","_monsterinsights_sitenote_category":0,"footnotes":""},"class_list":["post-4217","page","type-page","status-publish","has-post-thumbnail","hentry"],"aioseo_notices":[],"_links":{"self":[{"href":"https:\/\/www.dumtanceostrava.cz\/index.php\/wp-json\/wp\/v2\/pages\/4217","targetHints":{"allow":["GET"]}}],"collection":[{"href":"https:\/\/www.dumtanceostrava.cz\/index.php\/wp-json\/wp\/v2\/pages"}],"about":[{"href":"https:\/\/www.dumtanceostrava.cz\/index.php\/wp-json\/wp\/v2\/types\/page"}],"author":[{"embeddable":true,"href":"https:\/\/www.dumtanceostrava.cz\/index.php\/wp-json\/wp\/v2\/users\/1"}],"replies":[{"embeddable":true,"href":"https:\/\/www.dumtanceostrava.cz\/index.php\/wp-json\/wp\/v2\/comments?post=4217"}],"version-history":[{"count":27,"href":"https:\/\/www.dumtanceostrava.cz\/index.php\/wp-json\/wp\/v2\/pages\/4217\/revisions"}],"predecessor-version":[{"id":4703,"href":"https:\/\/www.dumtanceostrava.cz\/index.php\/wp-json\/wp\/v2\/pages\/4217\/revisions\/4703"}],"up":[{"embeddable":true,"href":"https:\/\/www.dumtanceostrava.cz\/index.php\/wp-json\/wp\/v2\/pages\/4052"}],"wp:featuredmedia":[{"embeddable":true,"href":"https:\/\/www.dumtanceostrava.cz\/index.php\/wp-json\/wp\/v2\/media\/4459"}],"wp:attachment":[{"href":"https:\/\/www.dumtanceostrava.cz\/index.php\/wp-json\/wp\/v2\/media?parent=4217"}],"curies":[{"name":"wp","href":"https:\/\/api.w.org\/{rel}","templated":true}]}}