{"id":4052,"date":"2022-01-11T21:31:54","date_gmt":"2022-01-11T21:31:54","guid":{"rendered":"https:\/\/www.dumtanceostrava.cz\/?page_id=4052"},"modified":"2025-04-06T10:22:58","modified_gmt":"2025-04-06T08:22:58","slug":"nabidka-objektu","status":"publish","type":"page","link":"https:\/\/www.dumtanceostrava.cz\/index.php\/nabidka-objektu\/","title":{"rendered":"Nab\u00eddka objektu"},"content":{"rendered":"<div class=\"wpb-content-wrapper\">[vc_row][vc_column][vc_empty_space height=&#8220;64px&#8220;]<div class=\"edgt-section-title-holder  edgt-st-standard edgt-st-title-left edgt-st-normal-space \" style=\"text-align: center\">\n\t<div class=\"edgt-st-inner\">\n\t\t\t\t\t\t\t<p class=\"edgt-st-text\" style=\"color: #888\">\n\t\t\t\tV sou\u010dasn\u00e9 chv\u00edli nab\u00edz\u00ed n\u00e1\u0161 D\u016fm tance Ostrava hned n\u011bkolik mo\u017enost\u00ed pro uspo\u0159\u00e1d\u00e1n\u00ed va\u0161ich spole\u010densk\u00fdch a kulturn\u00edch ud\u00e1lost\u00ed. Pro velk\u00e9 akce typu svatba, ples \u010di koncert nab\u00edz\u00edme modern\u00ed reprezenta\u010dn\u00ed s\u00e1l s pln\u00fdm audio vybaven\u00edm a mo\u017enost\u00ed jak tradi\u010dn\u00edho plesov\u00e9ho, tak koncertn\u00edho uspo\u0159\u00e1d\u00e1n\u00ed.<br \/>\nPro men\u0161\u00ed akce typu rodinn\u00e9 oslavy, men\u0161\u00ed svatby nebo soukrom\u00e9 oslavy nab\u00edz\u00edme dva men\u0161\u00ed s\u00e1ly s mo\u017enost\u00ed dal\u0161\u00edho dodate\u010dn\u00e9ho \u010dlen\u011bn\u00ed.<br \/>\nObjekt je rovn\u011b\u017e vybaven dv\u011bmi kuchy\u0148kami se z\u00e1kladn\u00edmi spot\u0159ebi\u010di, jako jsou velkokapacitn\u00ed chladni\u010dka, elektrick\u00e1 varn\u00e1 deska \u010di mikrovlnn\u00e1 trouba.\t\t\t<\/p>\n\t\t\t<\/div>\n<\/div>[vc_empty_space]<div class=\"edgt-section-title-holder  edgt-st-standard edgt-st-title-left edgt-st-normal-space \" style=\"text-align: center\">\n\t<div class=\"edgt-st-inner\">\n\t\t\t\t\t<h2 class=\"edgt-st-title\" >\n\t\t\t\tReprezenta\u010dn\u00ed s\u00e1l\t\t\t<\/h2>\n\t\t\t\t\t\t\t<p class=\"edgt-st-text\" style=\"color: #888\">\n\t\t\t\tReprezenta\u010dn\u00ed s\u00e1l\nModern\u00ed, pln\u011b vybaven\u00fd klimatizovan\u00fd s\u00e1l nadstandardn\u00edch rozm\u011br\u016f, vhodn\u00fd pro po\u0159\u00e1d\u00e1n\u00ed vrcholn\u00fdch spole\u010densk\u00fdch ud\u00e1lost\u00ed jako jsou plesy, firemn\u00ed akce \u010di tane\u010dn\u00ed sout\u011b\u017ee.\nS\u00e1l je vybaven prosklenou galeri\u00ed s mo\u017enost\u00ed um\u00edst\u011bn\u00ed stol\u016f, kter\u00e1 je p\u0159\u00edstupn\u00e1 \u0161irok\u00fdm dvouramen\u00fdm to\u010dit\u00fdm schodi\u0161t\u011bm. S\u00e1l je mo\u017eno vybavit stoly a pohodln\u00fdmi \u017eidlemi v nejr\u016fzn\u011bj\u0161\u00edm uspo\u0159\u00e1d\u00e1n\u00ed dle pot\u0159eb objednavatele.\nDo z\u00e1kladn\u00edho vybaven\u00ed s\u00e1lu pat\u0159\u00ed sada ozvu\u010den\u00ed a z\u00e1kladn\u00ed sv\u011bteln\u00fd park. Atmosf\u00e9ru v s\u00e1le je mo\u017en\u00e9 fleixibiln\u011b m\u011bnit pomoc\u00ed vestav\u011bn\u00e9ho sc\u00e9nick\u00e9ho a plo\u0161n\u00e9ho osv\u011btlen\u00ed. Sou\u010d\u00e1st\u00ed s\u00e1lu je rovn\u011b\u017e rozm\u011brn\u00e9 p\u00f3dium (18 x 4 m) a vyu\u017e\u00edt je mo\u017en\u00e9 tak\u00e9 videoprojektor.\nKapacita s\u00e1lu v plesov\u00e9m uspo\u0159\u00e1d\u00e1n\u00ed je 200 n\u00e1v\u0161t\u011bvn\u00edk\u016f, galerie pak v tomto uspo\u0159\u00e1d\u00e1n\u00ed pojme 120 n\u00e1v\u0161t\u011bvn\u00edk\u016f.\t\t\t<\/p>\n\t\t\t<\/div>\n<\/div>[vc_empty_space]<div class=\"edgt-section-title-holder  edgt-st-standard edgt-st-title-left edgt-st-normal-space \" style=\"text-align: center\">\n\t<div class=\"edgt-st-inner\">\n\t\t\t\t\t<h2 class=\"edgt-st-title\" >\n\t\t\t\tS\u00e1l A1\t\t\t<\/h2>\n\t\t\t\t\t\t\t<p class=\"edgt-st-text\" style=\"color: #888\">\n\t\t\t\tS\u00e1l A1\nS\u00e1l nab\u00edz\u00ed vynikaj\u00edc\u00ed z\u00e1zem\u00ed pro po\u0159\u00e1d\u00e1n\u00ed men\u0161\u00edch akc\u00ed, jako jsou rodinn\u00e9 oslavy, men\u0161\u00ed firemn\u00ed ve\u010d\u00edrky, men\u0161\u00ed svatby, tane\u010dn\u00ed workshopy \u010di vzd\u011bl\u00e1vac\u00ed semin\u00e1\u0159e. Nab\u00edz\u00ed rovn\u011b\u017e mo\u017enost rozd\u011blen\u00ed na \u010dty\u0159i men\u0161\u00ed prostory, kter\u00e9 pak umo\u017e\u0148uj\u00ed v\u00e9st paraleln\u011b v\u00edce r\u016fzn\u00fdch ud\u00e1lost\u00ed p\u0159\u00edpadn\u011b jeden z prostor\u016f vy\u010dlenit pro z\u00e1zem\u00ed akce. S\u00e1l je rovn\u011b\u017e mo\u017eno spojit v jeden rozlehl\u00fd prostor, kter\u00fd svou kapacitou ji\u017e pokryje st\u0159edn\u011b velk\u00e9 spole\u010densk\u00e9 a rodinn\u00e9 ud\u00e1losti.\nProstory jsou pln\u011b klimatizov\u00e1ny pro zaji\u0161t\u011bn\u00ed maxim\u00e1ln\u00edho pohodl\u00ed \u00fa\u010dastn\u00edk\u016f akce a po dohod\u011b je mo\u017en\u00e9 instalovat do s\u00e1l\u016f stoly a \u017eidle dle po\u017eadavk\u016f organiz\u00e1tora akce. Podlaha je kryta kvalitn\u00ed PVC krytinou, zaji\u0161\u0165uj\u00edc\u00ed teplen\u00fd komfort v\u0161ech host\u016f.\t\t\t<\/p>\n\t\t\t<\/div>\n<\/div>[vc_empty_space height=&#8220;64px&#8220;]<div class=\"edgt-masonry-gallery-holder edgt-mg-tiny-space\"><div class=\"edgt-mg-inner\"><div class=\"edgt-mg-grid-sizer\"><\/div><div class=\"edgt-mg-grid-gutter\"><\/div><article class=\"edgt-mg-item edgt-mg-extended edgt-mg-square-big edgt-mg-skin-default\">\n\t<div class=\"edgt-mg-content\">\n\t\t\t\t\t<div class=\"edgt-mg-image-overlay\" ><\/div>\n\t\t\t<div class=\"edgt-mg-image\">\n\t\t\t\t<img loading=\"lazy\" decoding=\"async\" width=\"1100\" height=\"1100\" src=\"https:\/\/www.dumtanceostrava.cz\/wp-content\/uploads\/2023\/12\/2023_11_21_Dum_tance_Ostrava_005-1100x1100.jpg\" class=\"attachment-educator_edge_huge size-educator_edge_huge wp-post-image\" alt=\"\" srcset=\"https:\/\/www.dumtanceostrava.cz\/wp-content\/uploads\/2023\/12\/2023_11_21_Dum_tance_Ostrava_005-1100x1100.jpg 1100w, https:\/\/www.dumtanceostrava.cz\/wp-content\/uploads\/2023\/12\/2023_11_21_Dum_tance_Ostrava_005-150x150.jpg 150w, https:\/\/www.dumtanceostrava.cz\/wp-content\/uploads\/2023\/12\/2023_11_21_Dum_tance_Ostrava_005-550x550.jpg 550w, https:\/\/www.dumtanceostrava.cz\/wp-content\/uploads\/2023\/12\/2023_11_21_Dum_tance_Ostrava_005-300x300.jpg 300w, https:\/\/www.dumtanceostrava.cz\/wp-content\/uploads\/2023\/12\/2023_11_21_Dum_tance_Ostrava_005-100x100.jpg 100w\" sizes=\"auto, (max-width: 1100px) 100vw, 1100px\" \/>\t\t\t<\/div>\n\t\t\t\t<div class=\"edgt-mg-item-outer\">\n\t\t\t<div class=\"edgt-mg-item-inner\">\n\t\t\t\t<div class=\"edgt-mg-item-content\">\n\t\t\t\t\t\t\t\t\t\t\t\t\t\t\t\t\t\t\t\t\t<h1 itemprop=\"name\" class=\"edgt-mg-item-title entry-title\">Reprezenta\u010dn\u00ed s\u00e1l<\/h1>\n\t\t\t\t\t\t\t\t\t\t\t\t\t\t\t\t<p class=\"edgt-mg-item-text\">\u0160pi\u010dkov\u011b vybaven\u00fd reprezenta\u010dn\u00ed prostor s galeri\u00ed pro po\u0159\u00e1d\u00e1n\u00ed ples\u016f, koncert\u016f a sout\u011b\u017e\u00ed.<\/p>\n\t\t\t\t\t\t\t\t\t\t\t\t\t\t\t\t<a itemprop=\"url\" href=\"https:\/\/www.dumtanceostrava.cz\/index.php\/nabidka-objektu\/reprezentacni-sal\/\" target=\"_self\" class=\"edgt-mg-link-over\"><\/a>\n\t\t\t\t\t\t\t\t\t\t\t\t\t\t\t\t<a itemprop=\"url\" href=\"https:\/\/www.dumtanceostrava.cz\/index.php\/nabidka-objektu\/reprezentacni-sal\/\" class=\"edgt-btn edgt-btn-solid edgt-btn-medium edgt-mg-item-button\" target=\"_self\">\n\t\t\t\t\t\t\t<span class=\"edgt-button-text\">Zjistit v\u00edce<\/span>\n\t\t\t\t\t\t<\/a>\n\t\t\t\t\t\t\t\t\t<\/div>\n\t\t\t<\/div>\n\t\t<\/div>\n\t<\/div>\n<\/article>\n<article class=\"edgt-mg-item edgt-mg-extended edgt-mg-square-small edgt-mg-skin-default\">\n\t<div class=\"edgt-mg-content\">\n\t\t\t\t\t<div class=\"edgt-mg-image-overlay\" ><\/div>\n\t\t\t<div class=\"edgt-mg-image\">\n\t\t\t\t<img loading=\"lazy\" decoding=\"async\" width=\"550\" height=\"550\" src=\"https:\/\/www.dumtanceostrava.cz\/wp-content\/uploads\/2023\/12\/Rigips_KD_Ostrava_2023-029-550x550.jpg\" class=\"attachment-educator_edge_square size-educator_edge_square wp-post-image\" alt=\"\" srcset=\"https:\/\/www.dumtanceostrava.cz\/wp-content\/uploads\/2023\/12\/Rigips_KD_Ostrava_2023-029-550x550.jpg 550w, https:\/\/www.dumtanceostrava.cz\/wp-content\/uploads\/2023\/12\/Rigips_KD_Ostrava_2023-029-150x150.jpg 150w, https:\/\/www.dumtanceostrava.cz\/wp-content\/uploads\/2023\/12\/Rigips_KD_Ostrava_2023-029-1100x1100.jpg 1100w, https:\/\/www.dumtanceostrava.cz\/wp-content\/uploads\/2023\/12\/Rigips_KD_Ostrava_2023-029-300x300.jpg 300w, https:\/\/www.dumtanceostrava.cz\/wp-content\/uploads\/2023\/12\/Rigips_KD_Ostrava_2023-029-100x100.jpg 100w\" sizes=\"auto, (max-width: 550px) 100vw, 550px\" \/>\t\t\t<\/div>\n\t\t\t\t<div class=\"edgt-mg-item-outer\">\n\t\t\t<div class=\"edgt-mg-item-inner\">\n\t\t\t\t<div class=\"edgt-mg-item-content\">\n\t\t\t\t\t\t\t\t\t\t\t\t\t\t\t\t\t\t\t\t\t<h1 itemprop=\"name\" class=\"edgt-mg-item-title entry-title\">S\u00e1l A1<\/h1>\n\t\t\t\t\t\t\t\t\t\t\t\t\t\t\t\t<p class=\"edgt-mg-item-text\">Pln\u00e9 vybaven\u00ed pro po\u0159\u00e1d\u00e1n\u00ed tane\u010dn\u00edch a spole\u010densk\u00fdch akc\u00ed v\u0161eho druhu. Mo\u017eno rozd\u011blit mobiln\u00ed p\u0159\u00ed\u010dkou na \u010dty\u0159i men\u0161\u00ed s\u00e1ly<\/p>\n\t\t\t\t\t\t\t\t\t\t\t\t\t\t\t\t<a itemprop=\"url\" href=\"https:\/\/www.dumtanceostrava.cz\/index.php\/nabidka-objektu\/sal-a1\/\" target=\"_self\" class=\"edgt-mg-link-over\"><\/a>\n\t\t\t\t\t\t\t\t\t\t\t\t\t\t\t\t<a itemprop=\"url\" href=\"https:\/\/www.dumtanceostrava.cz\/index.php\/nabidka-objektu\/sal-a1\/\" class=\"edgt-btn edgt-btn-solid edgt-btn-medium edgt-mg-item-button\" target=\"_self\">\n\t\t\t\t\t\t\t<span class=\"edgt-button-text\">Zjistit v\u00edce<\/span>\n\t\t\t\t\t\t<\/a>\n\t\t\t\t\t\t\t\t\t<\/div>\n\t\t\t<\/div>\n\t\t<\/div>\n\t<\/div>\n<\/article>\n<article class=\"edgt-mg-item edgt-mg-extended edgt-mg-rectangle-landscape edgt-mg-skin-default\">\n\t<div class=\"edgt-mg-content\">\n\t\t\t\t\t<div class=\"edgt-mg-image-overlay\" ><\/div>\n\t\t\t<div class=\"edgt-mg-image\">\n\t\t\t\t<img loading=\"lazy\" decoding=\"async\" width=\"1100\" height=\"550\" src=\"https:\/\/www.dumtanceostrava.cz\/wp-content\/uploads\/2023\/12\/Rigips_KD_Ostrava_2023-028-1100x550.jpg\" class=\"attachment-educator_edge_landscape size-educator_edge_landscape wp-post-image\" alt=\"\" \/>\t\t\t<\/div>\n\t\t\t\t<div class=\"edgt-mg-item-outer\">\n\t\t\t<div class=\"edgt-mg-item-inner\">\n\t\t\t\t<div class=\"edgt-mg-item-content\">\n\t\t\t\t\t\t\t\t\t\t\t\t\t\t\t\t\t\t\t\t\t<h1 itemprop=\"name\" class=\"edgt-mg-item-title entry-title\">Z\u00e1zem\u00ed objektu<\/h1>\n\t\t\t\t\t\t\t\t\t\t\t\t\t\t\t\t<p class=\"edgt-mg-item-text\">Mimo reprezenta\u010dn\u00edho s\u00e1lu, tane\u010dn\u00edch s\u00e1l\u016f a wellness nab\u00edz\u00ed D\u016fm tance Ostrava tak\u00e9 nezbytn\u00e9 z\u00e1zem\u00ed, umo\u017e\u0148uj\u00edc\u00ed na\u0161im klient\u016fm p\u0159\u00edjemn\u00fd pobyt.<\/p>\n\t\t\t\t\t\t\t\t\t\t\t\t\t\t\t\t<a itemprop=\"url\" href=\"https:\/\/www.dumtanceostrava.cz\/index.php\/nabidka-objektu\/zazemi-domu\/\" target=\"_self\" class=\"edgt-mg-link-over\"><\/a>\n\t\t\t\t\t\t\t\t\t\t\t\t\t\t\t\t<a itemprop=\"url\" href=\"https:\/\/www.dumtanceostrava.cz\/index.php\/nabidka-objektu\/zazemi-domu\/\" class=\"edgt-btn edgt-btn-solid edgt-btn-medium edgt-mg-item-button\" target=\"_self\">\n\t\t\t\t\t\t\t<span class=\"edgt-button-text\">Zjistit v\u00edce<\/span>\n\t\t\t\t\t\t<\/a>\n\t\t\t\t\t\t\t\t\t<\/div>\n\t\t\t<\/div>\n\t\t<\/div>\n\t<\/div>\n<\/article>\n<\/div><\/div>[vc_empty_space height=&#8220;128px&#8220;]<div class=\"edgt-call-to-action-holder  edgt-normal-layout  edgt-three-quarters-columns\">\n\t<div class=\"edgt-cta-inner \">\n\t\t<div class=\"edgt-cta-text-holder\">\n\t\t\t<div class=\"edgt-cta-text\">\n<h4>R\u00e1di byste v na\u0161em Domu tance Ostrava uspo\u0159\u00e1dali svou vlastn\u00ed ud\u00e1lost? M\u00e1te n\u00e1pad na projekt \u010di pravideln\u00fd kurz? Napi\u0161te n\u00e1m zpr\u00e1vu, jsme si jisti, \u017ee najdeme spole\u010dnou \u0159e\u010d.<\/h4>\n<\/div>\n\t\t<\/div>\n\t\t<div class=\"edgt-cta-button-holder\" >\n\t\t\t<div class=\"edgt-cta-button\"><a itemprop=\"url\" href=\"https:\/\/www.dumtanceostrava.cz\/index.php\/kontakty\/\" target=\"_self\"  class=\"edgt-btn edgt-btn-medium edgt-btn-solid\"  >    <span class=\"edgt-btn-text\">Rezervace s\u00e1lu<\/span>    <\/a><\/div>\n\t\t<\/div>\n\t<\/div>\n<\/div>[vc_empty_space height=&#8220;128 px&#8220;][\/vc_column][\/vc_row]\n<\/div>","protected":false},"excerpt":{"rendered":"<p>[vc_row][vc_column][vc_empty_space height=&#8220;64px&#8220;][vc_empty_space][vc_empty_space][vc_empty_space height=&#8220;64px&#8220;][vc_empty_space height=&#8220;128px&#8220;][vc_empty_space height=&#8220;128 px&#8220;][\/vc_column][\/vc_row]<\/p>\n","protected":false},"author":1,"featured_media":0,"parent":0,"menu_order":0,"comment_status":"closed","ping_status":"closed","template":"","meta":{"_monsterinsights_skip_tracking":false,"_monsterinsights_sitenote_active":false,"_monsterinsights_sitenote_note":"","_monsterinsights_sitenote_category":0,"footnotes":""},"class_list":["post-4052","page","type-page","status-publish","hentry"],"aioseo_notices":[],"_links":{"self":[{"href":"https:\/\/www.dumtanceostrava.cz\/index.php\/wp-json\/wp\/v2\/pages\/4052","targetHints":{"allow":["GET"]}}],"collection":[{"href":"https:\/\/www.dumtanceostrava.cz\/index.php\/wp-json\/wp\/v2\/pages"}],"about":[{"href":"https:\/\/www.dumtanceostrava.cz\/index.php\/wp-json\/wp\/v2\/types\/page"}],"author":[{"embeddable":true,"href":"https:\/\/www.dumtanceostrava.cz\/index.php\/wp-json\/wp\/v2\/users\/1"}],"replies":[{"embeddable":true,"href":"https:\/\/www.dumtanceostrava.cz\/index.php\/wp-json\/wp\/v2\/comments?post=4052"}],"version-history":[{"count":13,"href":"https:\/\/www.dumtanceostrava.cz\/index.php\/wp-json\/wp\/v2\/pages\/4052\/revisions"}],"predecessor-version":[{"id":4639,"href":"https:\/\/www.dumtanceostrava.cz\/index.php\/wp-json\/wp\/v2\/pages\/4052\/revisions\/4639"}],"wp:attachment":[{"href":"https:\/\/www.dumtanceostrava.cz\/index.php\/wp-json\/wp\/v2\/media?parent=4052"}],"curies":[{"name":"wp","href":"https:\/\/api.w.org\/{rel}","templated":true}]}}