{"id":1408,"date":"2017-07-25T09:25:25","date_gmt":"2017-07-25T09:25:25","guid":{"rendered":"http:\/\/educator.edge-themes.com\/?page_id=1408"},"modified":"2022-01-14T09:43:32","modified_gmt":"2022-01-14T09:43:32","slug":"recenze","status":"publish","type":"page","link":"https:\/\/www.dumtanceostrava.cz\/index.php\/kontakty\/recenze\/","title":{"rendered":"Recenze"},"content":{"rendered":"<div class=\"wpb-content-wrapper\">[vc_row][vc_column]<div class=\"edgt-testimonials-holder edgt-testimonials-standard    clearfix\"><div class=\"edgt-testimonials edgt-owl-slider\" data-number-of-items=\"1\" data-enable-loop=\"yes\" data-enable-autoplay=\"yes\" data-slider-speed=\"5000\" data-slider-speed-animation=\"600\" data-enable-navigation=\"no\" data-enable-pagination=\"yes\"><div class=\"edgt-testimonial-content\" id=\"edgt-testimonials-310\">\n\t\t\t<div class=\"edgt-testimonial-image\">\n\t\t\t<img loading=\"lazy\" decoding=\"async\" width=\"110\" height=\"110\" src=\"https:\/\/www.dumtanceostrava.cz\/wp-content\/uploads\/2017\/07\/testimonial-1.png\" class=\"attachment-110x110 size-110x110 wp-post-image\" alt=\"a\" srcset=\"https:\/\/www.dumtanceostrava.cz\/wp-content\/uploads\/2017\/07\/testimonial-1.png 111w, https:\/\/www.dumtanceostrava.cz\/wp-content\/uploads\/2017\/07\/testimonial-1-100x100.png 100w\" sizes=\"auto, (max-width: 110px) 100vw, 110px\" \/>\t\t<\/div>\n\t\t<div class=\"edgt-testimonial-text-holder\">\n\t\t\t\t\t\t\t<p class=\"edgt-testimonial-text\">\u201cMroin gravida nibh vel veliauctor aliquenean sollicitudin, lorem quis bibendum auctor, nisi elit consequat ipsut tis sem nibh id elituis sed odio\u201d<\/p>\n\t\t\t\t\t\t\t<h3  class=\"edgt-testimonial-author\">\n\t\t\t\t<span class=\"edgt-testimonials-author-name\">Virginia Foster<\/span>\n\t\t\t<\/h3>\n\t\t\t\t\t\t\t<span class=\"edgt-testimonials-author-job\">Student<\/span>\n\t\t\t\t\t\t<\/div>\n<\/div><div class=\"edgt-testimonial-content\" id=\"edgt-testimonials-311\">\n\t\t\t<div class=\"edgt-testimonial-image\">\n\t\t\t<img loading=\"lazy\" decoding=\"async\" width=\"110\" height=\"110\" src=\"https:\/\/www.dumtanceostrava.cz\/wp-content\/uploads\/2017\/07\/testimonial-2.png\" class=\"attachment-110x110 size-110x110 wp-post-image\" alt=\"a\" srcset=\"https:\/\/www.dumtanceostrava.cz\/wp-content\/uploads\/2017\/07\/testimonial-2.png 111w, https:\/\/www.dumtanceostrava.cz\/wp-content\/uploads\/2017\/07\/testimonial-2-100x100.png 100w\" sizes=\"auto, (max-width: 110px) 100vw, 110px\" \/>\t\t<\/div>\n\t\t<div class=\"edgt-testimonial-text-holder\">\n\t\t\t\t\t\t\t<p class=\"edgt-testimonial-text\">\u201cCurabitur ut arcu luctus, ultrices est id, lobortis massa. Vestibulum vulputate dictum egestas. Nunc eleifend, enim et dictum mollis, felis nulla\u201d<\/p>\n\t\t\t\t\t\t\t<h3  class=\"edgt-testimonial-author\">\n\t\t\t\t<span class=\"edgt-testimonials-author-name\">Arron Matheny<\/span>\n\t\t\t<\/h3>\n\t\t\t\t\t\t\t<span class=\"edgt-testimonials-author-job\">Professor<\/span>\n\t\t\t\t\t\t<\/div>\n<\/div><div class=\"edgt-testimonial-content\" id=\"edgt-testimonials-306\">\n\t\t\t<div class=\"edgt-testimonial-image\">\n\t\t\t<img loading=\"lazy\" decoding=\"async\" width=\"110\" height=\"110\" src=\"https:\/\/www.dumtanceostrava.cz\/wp-content\/uploads\/2017\/07\/testimonial-3.png\" class=\"attachment-110x110 size-110x110 wp-post-image\" alt=\"a\" srcset=\"https:\/\/www.dumtanceostrava.cz\/wp-content\/uploads\/2017\/07\/testimonial-3.png 111w, https:\/\/www.dumtanceostrava.cz\/wp-content\/uploads\/2017\/07\/testimonial-3-100x100.png 100w\" sizes=\"auto, (max-width: 110px) 100vw, 110px\" \/>\t\t<\/div>\n\t\t<div class=\"edgt-testimonial-text-holder\">\n\t\t\t\t\t\t\t<p class=\"edgt-testimonial-text\">\u201cDuis a eros non mi malesuada semper quis eu ipsum. Nam vitae est cursus, iaculis ligula et, faucibus erat. Mauris fermentum justo non\u201d<\/p>\n\t\t\t\t\t\t\t<h3  class=\"edgt-testimonial-author\">\n\t\t\t\t<span class=\"edgt-testimonials-author-name\">Angela Lane<\/span>\n\t\t\t<\/h3>\n\t\t\t\t\t\t\t<span class=\"edgt-testimonials-author-job\">Graduate<\/span>\n\t\t\t\t\t\t<\/div>\n<\/div><\/div><\/div>[vc_empty_space][\/vc_column][\/vc_row][vc_row full_width=&#8220;stretch_row_content_no_spaces&#8220; simple_background_color=&#8220;#f6f5f1&#8243; css=&#8220;.vc_custom_1640594862640{padding-right: 10% !important;padding-left: 10% !important;}&#8220;][vc_column][vc_empty_space height=&#8220;64px&#8220;]<div class=\"edgt-call-to-action-holder  edgt-normal-layout  edgt-three-quarters-columns\">\n\t<div class=\"edgt-cta-inner \">\n\t\t<div class=\"edgt-cta-text-holder\">\n\t\t\t<div class=\"edgt-cta-text\">\n<h4>R\u00e1di byste v na\u0161em Domu tance Ostrava uspo\u0159\u00e1dali vlastn\u00ed ud\u00e1lost? M\u00e1te n\u00e1pad na projekt \u010di pravideln\u00fd kurz? Napi\u0161te n\u00e1m zpr\u00e1vu, jsme si jisti, \u017ee najdeme spole\u010dnou \u0159e\u010d.<\/h4>\n<\/div>\n\t\t<\/div>\n\t\t<div class=\"edgt-cta-button-holder\" >\n\t\t\t<div class=\"edgt-cta-button\"><a itemprop=\"url\" href=\"#\" target=\"_blank\"  class=\"edgt-btn edgt-btn-medium edgt-btn-solid\"  >    <span class=\"edgt-btn-text\">Rezervace s\u00e1lu<\/span>    <\/a><\/div>\n\t\t<\/div>\n\t<\/div>\n<\/div>[vc_empty_space height=&#8220;64px&#8220;][\/vc_column][\/vc_row]\n<\/div>","protected":false},"excerpt":{"rendered":"<p>[vc_row][vc_column][vc_empty_space][\/vc_column][\/vc_row][vc_row full_width=&#8220;stretch_row_content_no_spaces&#8220; simple_background_color=&#8220;#f6f5f1&#8243; css=&#8220;.vc_custom_1640594862640{padding-right: 10% !important;padding-left: 10% !important;}&#8220;][vc_column][vc_empty_space height=&#8220;64px&#8220;][vc_empty_space height=&#8220;64px&#8220;][\/vc_column][\/vc_row]<\/p>\n","protected":false},"author":1,"featured_media":0,"parent":341,"menu_order":0,"comment_status":"closed","ping_status":"closed","template":"","meta":{"_monsterinsights_skip_tracking":false,"_monsterinsights_sitenote_active":false,"_monsterinsights_sitenote_note":"","_monsterinsights_sitenote_category":0,"footnotes":""},"class_list":["post-1408","page","type-page","status-publish","hentry"],"aioseo_notices":[],"_links":{"self":[{"href":"https:\/\/www.dumtanceostrava.cz\/index.php\/wp-json\/wp\/v2\/pages\/1408","targetHints":{"allow":["GET"]}}],"collection":[{"href":"https:\/\/www.dumtanceostrava.cz\/index.php\/wp-json\/wp\/v2\/pages"}],"about":[{"href":"https:\/\/www.dumtanceostrava.cz\/index.php\/wp-json\/wp\/v2\/types\/page"}],"author":[{"embeddable":true,"href":"https:\/\/www.dumtanceostrava.cz\/index.php\/wp-json\/wp\/v2\/users\/1"}],"replies":[{"embeddable":true,"href":"https:\/\/www.dumtanceostrava.cz\/index.php\/wp-json\/wp\/v2\/comments?post=1408"}],"version-history":[{"count":3,"href":"https:\/\/www.dumtanceostrava.cz\/index.php\/wp-json\/wp\/v2\/pages\/1408\/revisions"}],"predecessor-version":[{"id":4179,"href":"https:\/\/www.dumtanceostrava.cz\/index.php\/wp-json\/wp\/v2\/pages\/1408\/revisions\/4179"}],"up":[{"embeddable":true,"href":"https:\/\/www.dumtanceostrava.cz\/index.php\/wp-json\/wp\/v2\/pages\/341"}],"wp:attachment":[{"href":"https:\/\/www.dumtanceostrava.cz\/index.php\/wp-json\/wp\/v2\/media?parent=1408"}],"curies":[{"name":"wp","href":"https:\/\/api.w.org\/{rel}","templated":true}]}}